{"id":5396,"date":"2026-04-06T10:43:15","date_gmt":"2026-04-06T10:43:15","guid":{"rendered":"https:\/\/pequenosemfoco.com\/?page_id=5396"},"modified":"2026-04-07T12:17:23","modified_gmt":"2026-04-07T12:17:23","slug":"home-2","status":"publish","type":"page","link":"https:\/\/pequenosemfoco.com\/","title":{"rendered":"HOME"},"content":{"rendered":"\t\t<div data-elementor-type=\"wp-page\" data-elementor-id=\"5396\" class=\"elementor elementor-5396\" data-elementor-post-type=\"page\">\n\t\t\t\t<div class=\"elementor-element elementor-element-5c85fcc e-flex e-con-boxed e-con e-parent\" data-id=\"5c85fcc\" data-element_type=\"container\" data-e-type=\"container\">\n\t\t\t\t\t<div class=\"e-con-inner\">\n\t\t\t\t<div class=\"elementor-element elementor-element-b5cb993 elementor-widget elementor-widget-heading\" data-id=\"b5cb993\" data-element_type=\"widget\" data-e-type=\"widget\" data-widget_type=\"heading.default\">\n\t\t\t\t<div class=\"elementor-widget-container\">\n\t\t\t\t\t<h2 class=\"elementor-heading-title elementor-size-default\">\u201cPequenos em Foco \u2013 Dicas de Fotografia Infantil\u201d \u00e9 um espa\u00e7o dedicado a ajudar pais, fot\u00f3grafos iniciantes e apaixonados por registrar a inf\u00e2ncia a capturar momentos \u00fanicos e cheios de emo\u00e7\u00e3o. <br>      Aqui voc\u00ea encontra dicas pr\u00e1ticas, inspira\u00e7\u00f5es criativas e orienta\u00e7\u00f5es simples para fotografar crian\u00e7as com naturalidade, leveza e autenticidade \u2014 transformando instantes do dia a dia em lembran\u00e7as inesquec\u00edveis.<br><br><br><br><br><br><br><br><br><br><br><br><br><br><br><br><br><br><\/h2>\t\t\t\t<\/div>\n\t\t\t\t<\/div>\n\t\t\t\t\t<\/div>\n\t\t\t\t<\/div>\n\t\t<div class=\"elementor-element elementor-element-dcd6e80 e-flex e-con-boxed e-con e-parent\" data-id=\"dcd6e80\" data-element_type=\"container\" data-e-type=\"container\">\n\t\t\t\t\t<div class=\"e-con-inner\">\n\t\t\t\t\t<\/div>\n\t\t\t\t<\/div>\n\t\t<div class=\"elementor-element elementor-element-28fcc62 e-flex e-con-boxed e-con e-parent\" data-id=\"28fcc62\" data-element_type=\"container\" data-e-type=\"container\">\n\t\t\t\t\t<div class=\"e-con-inner\">\n\t\t\t\t\t<\/div>\n\t\t\t\t<\/div>\n\t\t\t\t<\/div>\n\t\t","protected":false},"excerpt":{"rendered":"<p>\u201cPequenos em Foco \u2013 Dicas de Fotografia Infantil\u201d \u00e9 um espa\u00e7o dedicado a ajudar pais, fot\u00f3grafos iniciantes e apaixonados por registrar a inf\u00e2ncia a capturar momentos \u00fanicos e cheios de emo\u00e7\u00e3o. Aqui voc\u00ea encontra dicas pr\u00e1ticas, inspira\u00e7\u00f5es criativas e orienta\u00e7\u00f5es simples para fotografar crian\u00e7as com naturalidade, leveza e autenticidade \u2014 transformando instantes do dia a [&hellip;]<\/p>\n","protected":false},"author":1,"featured_media":0,"parent":0,"menu_order":0,"comment_status":"closed","ping_status":"closed","template":"","meta":{"_surecart_dashboard_logo_width":"180px","_surecart_dashboard_show_logo":true,"_surecart_dashboard_navigation_orders":true,"_surecart_dashboard_navigation_invoices":true,"_surecart_dashboard_navigation_subscriptions":true,"_surecart_dashboard_navigation_downloads":true,"_surecart_dashboard_navigation_billing":true,"_surecart_dashboard_navigation_account":true,"_uag_custom_page_level_css":"","footnotes":""},"class_list":["post-5396","page","type-page","status-publish","hentry"],"_hostinger_reach_plugin_has_subscription_block":false,"_hostinger_reach_plugin_is_elementor":false,"uagb_featured_image_src":{"full":false,"thumbnail":false,"medium":false,"medium_large":false,"large":false,"1536x1536":false,"2048x2048":false},"uagb_author_info":{"display_name":"zurcv2005@gmail.com","author_link":"https:\/\/pequenosemfoco.com\/?author=1"},"uagb_comment_info":0,"uagb_excerpt":"\u201cPequenos em Foco \u2013 Dicas de Fotografia Infantil\u201d \u00e9 um espa\u00e7o dedicado a ajudar pais, fot\u00f3grafos iniciantes e apaixonados por registrar a inf\u00e2ncia a capturar momentos \u00fanicos e cheios de emo\u00e7\u00e3o. Aqui voc\u00ea encontra dicas pr\u00e1ticas, inspira\u00e7\u00f5es criativas e orienta\u00e7\u00f5es simples para fotografar crian\u00e7as com naturalidade, leveza e autenticidade \u2014 transformando instantes do dia a&hellip;","_links":{"self":[{"href":"https:\/\/pequenosemfoco.com\/index.php?rest_route=\/wp\/v2\/pages\/5396","targetHints":{"allow":["GET"]}}],"collection":[{"href":"https:\/\/pequenosemfoco.com\/index.php?rest_route=\/wp\/v2\/pages"}],"about":[{"href":"https:\/\/pequenosemfoco.com\/index.php?rest_route=\/wp\/v2\/types\/page"}],"author":[{"embeddable":true,"href":"https:\/\/pequenosemfoco.com\/index.php?rest_route=\/wp\/v2\/users\/1"}],"replies":[{"embeddable":true,"href":"https:\/\/pequenosemfoco.com\/index.php?rest_route=%2Fwp%2Fv2%2Fcomments&post=5396"}],"version-history":[{"count":32,"href":"https:\/\/pequenosemfoco.com\/index.php?rest_route=\/wp\/v2\/pages\/5396\/revisions"}],"predecessor-version":[{"id":5489,"href":"https:\/\/pequenosemfoco.com\/index.php?rest_route=\/wp\/v2\/pages\/5396\/revisions\/5489"}],"wp:attachment":[{"href":"https:\/\/pequenosemfoco.com\/index.php?rest_route=%2Fwp%2Fv2%2Fmedia&parent=5396"}],"curies":[{"name":"wp","href":"https:\/\/api.w.org\/{rel}","templated":true}]}}