{"id":17,"date":"2026-03-25T12:15:59","date_gmt":"2026-03-25T12:15:59","guid":{"rendered":"https:\/\/pequenosemfoco.com\/about\/"},"modified":"2026-04-07T13:21:54","modified_gmt":"2026-04-07T13:21:54","slug":"about","status":"publish","type":"page","link":"https:\/\/pequenosemfoco.com\/?page_id=17","title":{"rendered":"DICAS"},"content":{"rendered":"\t\t<div data-elementor-type=\"wp-page\" data-elementor-id=\"17\" class=\"elementor elementor-17\" data-elementor-post-type=\"page\">\n\t\t\t\t<div class=\"elementor-element elementor-element-36a0b95 e-grid hostinger-ai-about-us-2 e-con-boxed e-con e-parent\" data-id=\"36a0b95\" data-element_type=\"container\" data-e-type=\"container\">\n\t\t\t\t\t<div class=\"e-con-inner\">\n\t\t<div class=\"elementor-element elementor-element-f2b9264 e-con-full e-flex e-con e-child\" data-id=\"f2b9264\" data-element_type=\"container\" data-e-type=\"container\">\n\t\t\t\t<div class=\"elementor-element elementor-element-fddd938 hostinger-ai-image hostinger-index-1 elementor-widget elementor-widget-image\" data-id=\"fddd938\" data-element_type=\"widget\" data-e-type=\"widget\" data-widget_type=\"image.default\">\n\t\t\t\t<div class=\"elementor-widget-container\">\n\t\t\t\t\t\t\t\t\t\t\t\t\t\t\t<img decoding=\"async\" src=\"https:\/\/images.unsplash.com\/photo-1549086172-b15ab27b5c9b?q=85&#038;w=584&#038;h=438&#038;fit=crop\" title=\"DICAS\" alt=\"Photo 1549086172 B15ab27b5c9b?q=85&#038;w=584&#038;h=438&#038;fit=crop\" loading=\"lazy\">\t\t\t\t\t\t\t\t\t\t\t\t\t\t\t<\/div>\n\t\t\t\t<\/div>\n\t\t\t\t<\/div>\n\t\t\t\t<div class=\"elementor-element elementor-element-4db9a8f elementor-widget elementor-widget-text-editor\" data-id=\"4db9a8f\" data-element_type=\"widget\" data-e-type=\"widget\" data-widget_type=\"text-editor.default\">\n\t\t\t\t<div class=\"elementor-widget-container\">\n\t\t\t\t\t\t\t\t\t<p>1. Escolha bem o ponto de foco<\/p><p>\u00a0 \u00a0 \u00a0 \u00a0 N\u00e3o deixe a c\u00e2mera decidir sozinha. Foque manualmente (ou selecione o ponto de foco) exatamente no elemento principal \u2014 em retratos, por exemplo, o ideal \u00e9 focar nos olhos.<\/p><p>\u00a0<\/p><p>2. Use abertura adequada (controle de profundidade de campo)<\/p><p>Uma abertura maior (ex: f\/1.8) cria fundo desfocado e destaca o assunto. J\u00e1 uma abertura menor (ex: f\/8) mant\u00e9m mais elementos em foco \u2014 ideal para paisagens ou fotos de grupo.<\/p><p>3. Evite trepida\u00e7\u00e3o da c\u00e2mera<\/p><p>Mesmo com foco correto, a imagem pode parecer \u201cfora de foco\u201d se houver movimento. Use trip\u00e9 ou aumente a velocidade do obturador para garantir nitidez.<\/p><p>4. Aproveite a ilumina\u00e7\u00e3o<\/p><p>Boa luz ajuda o sistema de foco a funcionar melhor. Ambientes escuros dificultam a focagem autom\u00e1tica e podem gerar erros..<\/p><p>\u00a0<\/p><p>5. Use o modo de foco certo<\/p><ul><li data-section-id=\"j0kj9i\" data-start=\"943\" data-end=\"987\">AF-S (ou One Shot): para objetos parados<\/li><li data-section-id=\"l9b5ax\" data-start=\"988\" data-end=\"1094\">AF-C (ou AI Servo): para objetos em movimento<br data-start=\"1035\" data-end=\"1038\" \/>Escolher o modo correto faz muita diferen\u00e7a na precis\u00e3o.<\/li><\/ul>\t\t\t\t\t\t\t\t<\/div>\n\t\t\t\t<\/div>\n\t\t<div class=\"elementor-element elementor-element-9b3a7c8 e-con-full e-flex e-con e-child\" data-id=\"9b3a7c8\" data-element_type=\"container\" data-e-type=\"container\">\n\t\t\t\t<\/div>\n\t\t\t\t\t<\/div>\n\t\t\t\t<\/div>\n\t\t<div class=\"elementor-element elementor-element-1508e25 hostinger-ai-customer-reviews-4 hostinger-ai-background-image hostinger-ai-background-image e-grid e-con-boxed e-con e-parent\" data-id=\"1508e25\" data-element_type=\"container\" data-e-type=\"container\" data-settings=\"{&quot;background_background&quot;:&quot;classic&quot;}\">\n\t\t\t\t\t<div class=\"e-con-inner\">\n\t\t<div class=\"elementor-element elementor-element-da27cbb e-con-full e-flex e-con e-child\" data-id=\"da27cbb\" data-element_type=\"container\" data-e-type=\"container\">\n\t\t<div class=\"elementor-element elementor-element-ccd4dec e-con-full e-flex e-con e-child\" data-id=\"ccd4dec\" data-element_type=\"container\" data-e-type=\"container\">\n\t\t\t\t<div class=\"elementor-element elementor-element-5cfcd55 hostinger-ai-subtitle elementor-widget elementor-widget-heading\" data-id=\"5cfcd55\" data-element_type=\"widget\" data-e-type=\"widget\" data-widget_type=\"heading.default\">\n\t\t\t\t<div class=\"elementor-widget-container\">\n\t\t\t\t\t<p class=\"elementor-heading-title elementor-size-default\">Praise<\/p>\t\t\t\t<\/div>\n\t\t\t\t<\/div>\n\t\t\t\t<\/div>\n\t\t<div class=\"elementor-element elementor-element-e807982 e-con-full e-flex e-con e-child\" data-id=\"e807982\" data-element_type=\"container\" data-e-type=\"container\">\n\t\t\t\t<div class=\"elementor-element elementor-element-b3abf2f hostinger-ai-testimonial-text hostinger-ai-font-bold hostinger-index-2 elementor-widget elementor-widget-heading\" data-id=\"b3abf2f\" data-element_type=\"widget\" data-e-type=\"widget\" data-widget_type=\"heading.default\">\n\t\t\t\t<div class=\"elementor-widget-container\">\n\t\t\t\t\t<p class=\"elementor-heading-title elementor-size-default\">As dicas do pequenos em foco ajudaram-me a capturar a verdadeira personalidade do meu filho em cada foto!<\/p>\t\t\t\t<\/div>\n\t\t\t\t<\/div>\n\t\t\t\t<\/div>\n\t\t\t\t<\/div>\n\t\t\t\t\t<\/div>\n\t\t\t\t<\/div>\n\t\t\t\t<\/div>\n\t\t","protected":false},"excerpt":{"rendered":"<p>1. Escolha bem o ponto de foco \u00a0 \u00a0 \u00a0 \u00a0 N\u00e3o deixe a c\u00e2mera decidir sozinha. Foque manualmente (ou selecione o ponto de foco) exatamente no elemento principal \u2014 em retratos, por exemplo, o ideal \u00e9 focar nos olhos. \u00a0 2. Use abertura adequada (controle de profundidade de campo) Uma abertura maior (ex: f\/1.8) [&hellip;]<\/p>\n","protected":false},"author":1,"featured_media":0,"parent":0,"menu_order":0,"comment_status":"closed","ping_status":"closed","template":"","meta":{"_surecart_dashboard_logo_width":"180px","_surecart_dashboard_show_logo":true,"_surecart_dashboard_navigation_orders":true,"_surecart_dashboard_navigation_invoices":true,"_surecart_dashboard_navigation_subscriptions":true,"_surecart_dashboard_navigation_downloads":true,"_surecart_dashboard_navigation_billing":true,"_surecart_dashboard_navigation_account":true,"_uag_custom_page_level_css":"","footnotes":""},"class_list":["post-17","page","type-page","status-publish","hentry"],"_hostinger_reach_plugin_has_subscription_block":false,"_hostinger_reach_plugin_is_elementor":false,"uagb_featured_image_src":{"full":false,"thumbnail":false,"medium":false,"medium_large":false,"large":false,"1536x1536":false,"2048x2048":false},"uagb_author_info":{"display_name":"zurcv2005@gmail.com","author_link":"https:\/\/pequenosemfoco.com\/?author=1"},"uagb_comment_info":0,"uagb_excerpt":"1. Escolha bem o ponto de foco \u00a0 \u00a0 \u00a0 \u00a0 N\u00e3o deixe a c\u00e2mera decidir sozinha. Foque manualmente (ou selecione o ponto de foco) exatamente no elemento principal \u2014 em retratos, por exemplo, o ideal \u00e9 focar nos olhos. \u00a0 2. Use abertura adequada (controle de profundidade de campo) Uma abertura maior (ex: f\/1.8)&hellip;","_links":{"self":[{"href":"https:\/\/pequenosemfoco.com\/index.php?rest_route=\/wp\/v2\/pages\/17","targetHints":{"allow":["GET"]}}],"collection":[{"href":"https:\/\/pequenosemfoco.com\/index.php?rest_route=\/wp\/v2\/pages"}],"about":[{"href":"https:\/\/pequenosemfoco.com\/index.php?rest_route=\/wp\/v2\/types\/page"}],"author":[{"embeddable":true,"href":"https:\/\/pequenosemfoco.com\/index.php?rest_route=\/wp\/v2\/users\/1"}],"replies":[{"embeddable":true,"href":"https:\/\/pequenosemfoco.com\/index.php?rest_route=%2Fwp%2Fv2%2Fcomments&post=17"}],"version-history":[{"count":10,"href":"https:\/\/pequenosemfoco.com\/index.php?rest_route=\/wp\/v2\/pages\/17\/revisions"}],"predecessor-version":[{"id":5500,"href":"https:\/\/pequenosemfoco.com\/index.php?rest_route=\/wp\/v2\/pages\/17\/revisions\/5500"}],"wp:attachment":[{"href":"https:\/\/pequenosemfoco.com\/index.php?rest_route=%2Fwp%2Fv2%2Fmedia&parent=17"}],"curies":[{"name":"wp","href":"https:\/\/api.w.org\/{rel}","templated":true}]}}